{"id":421,"date":"2025-05-13T10:02:06","date_gmt":"2025-05-13T02:02:06","guid":{"rendered":"https:\/\/bopinchem.com\/?post_type=product&#038;p=421"},"modified":"2025-05-29T11:36:24","modified_gmt":"2025-05-29T03:36:24","slug":"keo-tram-khe-san-bopin-440-pu","status":"publish","type":"product","link":"https:\/\/bopinchem.com\/vi\/bopin-440-floor-joint-pu-sealant\/","title":{"rendered":"Keo d\u00e1n s\u00e0n PU BoPin 440"},"content":{"rendered":"<div>\n<div>\n<ul>\n<li class=\"otl-paragraph\"><strong>C\u00f4ng th\u1ee9c t\u1ef1 san ph\u1eb3ng<\/strong>: Ho\u00e0n thi\u1ec7n m\u1ed1i n\u1ed1i ngang ho\u00e0n h\u1ea3o m\u00e0 kh\u00f4ng c\u1ea7n d\u1ee5ng c\u1ee5<\/li>\n<li class=\"otl-paragraph\"><strong>Kh\u1ea3 n\u0103ng ch\u1ed1ng m\u00e0i m\u00f2n v\u01b0\u1ee3t tr\u1ed9i<\/strong>: Ch\u1ecbu \u0111\u01b0\u1ee3c xe n\u00e2ng v\u00e0 xe c\u1ed9 l\u01b0u th\u00f4ng<\/li>\n<li class=\"otl-paragraph\"><strong>Kh\u1ea3 n\u0103ng kh\u00e1ng h\u00f3a ch\u1ea5t \u0111\u1eb7c bi\u1ec7t<\/strong>: Ch\u1ecbu \u0111\u01b0\u1ee3c d\u1ea7u, nhi\u00ean li\u1ec7u v\u00e0 ch\u1ea5t t\u1ea9y r\u1eeda<\/li>\n<li class=\"otl-paragraph\"><strong>Kh\u1ea3 n\u0103ng di chuy\u1ec3n cao<\/strong> (\u00b125%): Th\u00edch \u1ee9ng v\u1edbi chuy\u1ec3n \u0111\u1ed9ng c\u1ee7a ch\u1ea5t n\u1ec1n<\/li>\n<li class=\"otl-paragraph\"><strong>\u0110\u1ed9 b\u00e1m d\u00ednh tuy\u1ec7t v\u1eddi<\/strong>: Li\u00ean k\u1ebft ch\u1eafc ch\u1eafn v\u1edbi b\u00ea t\u00f4ng v\u00e0 h\u1ea7u h\u1ebft c\u00e1c v\u1eadt li\u1ec7u s\u00e0n<\/li>\n<li class=\"otl-paragraph\"><strong>Hi\u1ec7u su\u1ea5t nhi\u1ec7t \u0111\u1ed9 r\u1ed9ng<\/strong>: Duy tr\u00ec \u0111\u1ed9 m\u1ec1m d\u1ebbo t\u1eeb -30\u00b0C \u0111\u1ebfn +80\u00b0C<\/li>\n<\/ul>\n<\/div>\n<\/div>","protected":false},"excerpt":{"rendered":"<div>\n<div>Keo tr\u00e1m polyurethane t\u1ef1 san ph\u1eb3ng m\u1ed9t th\u00e0nh ph\u1ea7n \u0111\u01b0\u1ee3c thi\u1ebft k\u1ebf cho c\u00e1c m\u1ed1i n\u1ed1i s\u00e0n n\u1eb1m ngang v\u1edbi kh\u1ea3 n\u0103ng ch\u1ed1ng m\u00e0i m\u00f2n v\u00e0 h\u00f3a ch\u1ea5t \u0111\u1eb7c bi\u1ec7t. Mang l\u1ea1i l\u1edbp ho\u00e0n thi\u1ec7n ho\u00e0n h\u1ea3o cho s\u00e0n b\u00ea t\u00f4ng trong khi v\u1eabn ch\u1ecbu \u0111\u01b0\u1ee3c l\u01b0u l\u01b0\u1ee3ng \u0111i l\u1ea1i v\u00e0 ti\u1ebfp x\u00fac v\u1edbi h\u00f3a ch\u1ea5t.<\/div>\n<\/div>","protected":false},"featured_media":375,"comment_status":"open","ping_status":"closed","template":"","meta":{"_acf_changed":false},"product_brand":[],"product_cat":[175],"product_tag":[],"class_list":{"0":"post-421","1":"product","2":"type-product","3":"status-publish","4":"has-post-thumbnail","6":"product_cat-pu-sealant","7":"pa_application-fields-floor","9":"first","10":"instock","11":"shipping-taxable","12":"product-type-simple"},"acf":[],"_links":{"self":[{"href":"https:\/\/bopinchem.com\/vi\/wp-json\/wp\/v2\/product\/421","targetHints":{"allow":["GET"]}}],"collection":[{"href":"https:\/\/bopinchem.com\/vi\/wp-json\/wp\/v2\/product"}],"about":[{"href":"https:\/\/bopinchem.com\/vi\/wp-json\/wp\/v2\/types\/product"}],"replies":[{"embeddable":true,"href":"https:\/\/bopinchem.com\/vi\/wp-json\/wp\/v2\/comments?post=421"}],"version-history":[{"count":1,"href":"https:\/\/bopinchem.com\/vi\/wp-json\/wp\/v2\/product\/421\/revisions"}],"predecessor-version":[{"id":422,"href":"https:\/\/bopinchem.com\/vi\/wp-json\/wp\/v2\/product\/421\/revisions\/422"}],"wp:featuredmedia":[{"embeddable":true,"href":"https:\/\/bopinchem.com\/vi\/wp-json\/wp\/v2\/media\/375"}],"wp:attachment":[{"href":"https:\/\/bopinchem.com\/vi\/wp-json\/wp\/v2\/media?parent=421"}],"wp:term":[{"taxonomy":"product_brand","embeddable":true,"href":"https:\/\/bopinchem.com\/vi\/wp-json\/wp\/v2\/product_brand?post=421"},{"taxonomy":"product_cat","embeddable":true,"href":"https:\/\/bopinchem.com\/vi\/wp-json\/wp\/v2\/product_cat?post=421"},{"taxonomy":"product_tag","embeddable":true,"href":"https:\/\/bopinchem.com\/vi\/wp-json\/wp\/v2\/product_tag?post=421"}],"curies":[{"name":"wp","href":"https:\/\/api.w.org\/{rel}","templated":true}]}}