{"id":418,"date":"2025-05-13T09:57:46","date_gmt":"2025-05-13T01:57:46","guid":{"rendered":"https:\/\/bopinchem.com\/?post_type=product&#038;p=418"},"modified":"2025-05-29T11:35:47","modified_gmt":"2025-05-29T03:35:47","slug":"keo-dan-tam-lop-kim-loai-bopin-340","status":"publish","type":"product","link":"https:\/\/bopinchem.com\/vi\/bopin-340-metal-roof-panel-sealant\/","title":{"rendered":"Ch\u1ea5t tr\u00e1m k\u00edn m\u00e1i v\u00e0 t\u1ea5m kim lo\u1ea1i BoPin 340"},"content":{"rendered":"<div>\n<div>\n<ul>\n<li class=\"otl-paragraph\"><strong>\u0110\u1ed9 b\u00e1m d\u00ednh \u0111\u1eb7c hi\u1ec7u v\u1edbi kim lo\u1ea1i<\/strong>Kh\u1ea3 n\u0103ng li\u00ean k\u1ebft v\u01b0\u1ee3t tr\u1ed9i v\u1edbi t\u1ea5t c\u1ea3 c\u00e1c lo\u1ea1i kim lo\u1ea1i th\u00f4ng d\u1ee5ng.<\/li>\n<li class=\"otl-paragraph\"><strong>Kh\u1ea3 n\u0103ng di chuy\u1ec3n c\u1ef1c \u0111\u1ed9<\/strong> (\u00b150%): L\u00fd t\u01b0\u1edfng cho s\u1ef1 gi\u00e3n n\u1edf\/co l\u1ea1i do nhi\u1ec7t<\/li>\n<li class=\"otl-paragraph\"><strong>Kh\u1ea3 n\u0103ng ch\u1ed1ng ch\u1ecbu th\u1eddi ti\u1ebft ti\u00ean ti\u1ebfn<\/strong>Ch\u1ecbu \u0111\u01b0\u1ee3c m\u01b0a, tia c\u1ef1c t\u00edm v\u00e0 nhi\u1ec7t \u0111\u1ed9 kh\u1eafc nghi\u1ec7t.<\/li>\n<li class=\"otl-paragraph\"><strong>C\u00f4ng th\u1ee9c kh\u00f4ng \u0103n m\u00f2n<\/strong>An to\u00e0n cho m\u1ecdi lo\u1ea1i kim lo\u1ea1i, k\u1ec3 c\u1ea3 th\u00e9p m\u1ea1 k\u1ebdm.<\/li>\n<li class=\"otl-paragraph\"><strong>\u1ee8ng d\u1ee5ng nhi\u1ec7t \u0111\u1ed9 th\u1ea5p<\/strong>C\u00f3 th\u1ec3 s\u1eed d\u1ee5ng \u1edf nhi\u1ec7t \u0111\u1ed9 xu\u1ed1ng \u0111\u1ebfn -10\u00b0C.<\/li>\n<li class=\"otl-paragraph\"><strong>Kh\u1ea3 n\u0103ng ch\u1ed1ng rung<\/strong>Duy tr\u00ec \u0111\u1ed9 k\u00edn c\u1ee7a gio\u0103ng trong \u0111i\u1ec1u ki\u1ec7n \u0111\u1ed9ng<\/li>\n<\/ul>\n<\/div>\n<\/div>","protected":false},"excerpt":{"rendered":"<div>\n<div>Keo tr\u00e1m k\u00edn polymer MS chuy\u00ean d\u1ee5ng \u0111\u01b0\u1ee3c pha ch\u1ebf \u0111\u1eb7c bi\u1ec7t cho h\u1ec7 th\u1ed1ng m\u00e1i kim lo\u1ea1i, t\u1ea5m \u1ed1p kim lo\u1ea1i v\u00e0 c\u00e1c m\u1ed1i n\u1ed1i t\u1ea5m. S\u1ea3n ph\u1ea9m c\u00f3 kh\u1ea3 n\u0103ng ch\u1ed1ng ch\u1ecbu th\u1eddi ti\u1ebft kh\u1eafc nghi\u1ec7t, kh\u1ea3 n\u0103ng co gi\u00e3n v\u01b0\u1ee3t tr\u1ed9i v\u00e0 \u0111\u1ed9 b\u00e1m d\u00ednh cao v\u1edbi kim lo\u1ea1i, mang l\u1ea1i s\u1ef1 b\u1ea3o v\u1ec7 l\u00e2u d\u00e0i trong \u0111i\u1ec1u ki\u1ec7n ti\u1ebfp x\u00fac v\u1edbi m\u00f4i tr\u01b0\u1eddng.<\/div>\n<\/div>","protected":false},"featured_media":377,"comment_status":"open","ping_status":"closed","template":"","meta":{"_acf_changed":false},"product_brand":[],"product_cat":[19],"product_tag":[],"class_list":{"0":"post-418","1":"product","2":"type-product","3":"status-publish","4":"has-post-thumbnail","6":"product_cat-ms-polymers","7":"pa_application-fields-roof-facade","9":"first","10":"instock","11":"shipping-taxable","12":"product-type-simple"},"acf":[],"_links":{"self":[{"href":"https:\/\/bopinchem.com\/vi\/wp-json\/wp\/v2\/product\/418","targetHints":{"allow":["GET"]}}],"collection":[{"href":"https:\/\/bopinchem.com\/vi\/wp-json\/wp\/v2\/product"}],"about":[{"href":"https:\/\/bopinchem.com\/vi\/wp-json\/wp\/v2\/types\/product"}],"replies":[{"embeddable":true,"href":"https:\/\/bopinchem.com\/vi\/wp-json\/wp\/v2\/comments?post=418"}],"version-history":[{"count":1,"href":"https:\/\/bopinchem.com\/vi\/wp-json\/wp\/v2\/product\/418\/revisions"}],"predecessor-version":[{"id":419,"href":"https:\/\/bopinchem.com\/vi\/wp-json\/wp\/v2\/product\/418\/revisions\/419"}],"wp:featuredmedia":[{"embeddable":true,"href":"https:\/\/bopinchem.com\/vi\/wp-json\/wp\/v2\/media\/377"}],"wp:attachment":[{"href":"https:\/\/bopinchem.com\/vi\/wp-json\/wp\/v2\/media?parent=418"}],"wp:term":[{"taxonomy":"product_brand","embeddable":true,"href":"https:\/\/bopinchem.com\/vi\/wp-json\/wp\/v2\/product_brand?post=418"},{"taxonomy":"product_cat","embeddable":true,"href":"https:\/\/bopinchem.com\/vi\/wp-json\/wp\/v2\/product_cat?post=418"},{"taxonomy":"product_tag","embeddable":true,"href":"https:\/\/bopinchem.com\/vi\/wp-json\/wp\/v2\/product_tag?post=418"}],"curies":[{"name":"wp","href":"https:\/\/api.w.org\/{rel}","templated":true}]}}