{"id":411,"date":"2025-05-13T09:16:16","date_gmt":"2025-05-13T01:16:16","guid":{"rendered":"https:\/\/bopinchem.com\/?post_type=product&#038;p=411"},"modified":"2025-05-21T14:08:36","modified_gmt":"2025-05-21T06:08:36","slug":"bopin-180-universal-acrylic-sealant","status":"publish","type":"product","link":"https:\/\/bopinchem.com\/vi\/bopin-180-universal-acrylic-sealant\/","title":{"rendered":"Keo d\u00e1n Acrylic \u0111a n\u0103ng BoPin 180"},"content":{"rendered":"<div>\n<div>\n<ul>\n<li class=\"otl-paragraph\"><strong>Gi\u1ea3i ph\u00e1p kinh t\u1ebf<\/strong>: L\u1ef1a ch\u1ecdn ti\u1ebft ki\u1ec7m cho vi\u1ec7c b\u1ecbt k\u00edn n\u1ed9i th\u1ea5t n\u00f3i chung<\/li>\n<li class=\"otl-paragraph\"><strong>Kh\u1ea3 n\u0103ng s\u01a1n tuy\u1ec7t v\u1eddi<\/strong>: T\u01b0\u01a1ng th\u00edch v\u1edbi h\u1ea7u h\u1ebft c\u00e1c lo\u1ea1i s\u01a1n g\u1ed1c n\u01b0\u1edbc v\u00e0 s\u01a1n t\u1ed5ng h\u1ee3p<\/li>\n<li class=\"otl-paragraph\"><strong>\u1ee8ng d\u1ee5ng th\u00e2n thi\u1ec7n v\u1edbi ng\u01b0\u1eddi d\u00f9ng<\/strong>: D\u1ec5 d\u00e0ng \u00e1p d\u1ee5ng v\u00e0 d\u1ee5ng c\u1ee5 v\u1edbi vi\u1ec7c v\u1ec7 sinh b\u1eb1ng n\u01b0\u1edbc \u0111\u01a1n gi\u1ea3n<\/li>\n<li class=\"otl-paragraph\"><strong>C\u00f4ng th\u1ee9c \u00edt m\u00f9i<\/strong>: S\u1ef1 gi\u00e1n \u0111o\u1ea1n t\u1ed1i thi\u1ec3u trong kh\u00f4ng gian c\u00f3 ng\u01b0\u1eddi \u1edf trong qu\u00e1 tr\u00ecnh \u1ee9ng d\u1ee5ng<\/li>\n<li class=\"otl-paragraph\"><strong>Th\u00e0nh ph\u1ea7n g\u1ed1c n\u01b0\u1edbc<\/strong>: Th\u00e2n thi\u1ec7n v\u1edbi m\u00f4i tr\u01b0\u1eddng v\u1edbi h\u00e0m l\u01b0\u1ee3ng VOC r\u1ea5t th\u1ea5p<\/li>\n<li class=\"otl-paragraph\"><strong>\u0110\u1ed9 b\u00e1m d\u00ednh t\u1ed1t<\/strong>: Li\u00ean k\u1ebft t\u1ed1t v\u1edbi h\u1ea7u h\u1ebft c\u00e1c v\u1eadt li\u1ec7u x\u00e2y d\u1ef1ng x\u1ed1p th\u00f4ng th\u01b0\u1eddng<\/li>\n<\/ul>\n<\/div>\n<\/div>","protected":false},"excerpt":{"rendered":"<div>\n<div>Keo tr\u00e1m acrylic th\u00f4ng d\u1ee5ng ti\u1ebft ki\u1ec7m chi ph\u00ed cho c\u00e1c m\u1ed1i n\u1ed1i x\u00e2y d\u1ef1ng n\u1ed9i th\u1ea5t v\u1edbi \u0111\u1ed9 d\u1ecbch chuy\u1ec3n t\u1ed1i thi\u1ec3u. C\u00f3 kh\u1ea3 n\u0103ng s\u01a1n tuy\u1ec7t v\u1eddi v\u00e0 d\u1ec5 s\u1eed d\u1ee5ng cho c\u00e1c \u1ee9ng d\u1ee5ng chuy\u00ean nghi\u1ec7p v\u00e0 DIY khi c\u00e2n nh\u1eafc \u0111\u1ebfn ng\u00e2n s\u00e1ch.<\/div>\n<\/div>","protected":false},"featured_media":383,"comment_status":"open","ping_status":"closed","template":"","meta":{"_acf_changed":false},"product_brand":[],"product_cat":[21],"product_tag":[],"class_list":{"0":"post-411","1":"product","2":"type-product","3":"status-publish","4":"has-post-thumbnail","6":"product_cat-acrylic-sealants","7":"pa_application-fields-general-construction","9":"first","10":"instock","11":"shipping-taxable","12":"product-type-simple"},"acf":[],"_links":{"self":[{"href":"https:\/\/bopinchem.com\/vi\/wp-json\/wp\/v2\/product\/411","targetHints":{"allow":["GET"]}}],"collection":[{"href":"https:\/\/bopinchem.com\/vi\/wp-json\/wp\/v2\/product"}],"about":[{"href":"https:\/\/bopinchem.com\/vi\/wp-json\/wp\/v2\/types\/product"}],"replies":[{"embeddable":true,"href":"https:\/\/bopinchem.com\/vi\/wp-json\/wp\/v2\/comments?post=411"}],"version-history":[{"count":2,"href":"https:\/\/bopinchem.com\/vi\/wp-json\/wp\/v2\/product\/411\/revisions"}],"predecessor-version":[{"id":420,"href":"https:\/\/bopinchem.com\/vi\/wp-json\/wp\/v2\/product\/411\/revisions\/420"}],"wp:featuredmedia":[{"embeddable":true,"href":"https:\/\/bopinchem.com\/vi\/wp-json\/wp\/v2\/media\/383"}],"wp:attachment":[{"href":"https:\/\/bopinchem.com\/vi\/wp-json\/wp\/v2\/media?parent=411"}],"wp:term":[{"taxonomy":"product_brand","embeddable":true,"href":"https:\/\/bopinchem.com\/vi\/wp-json\/wp\/v2\/product_brand?post=411"},{"taxonomy":"product_cat","embeddable":true,"href":"https:\/\/bopinchem.com\/vi\/wp-json\/wp\/v2\/product_cat?post=411"},{"taxonomy":"product_tag","embeddable":true,"href":"https:\/\/bopinchem.com\/vi\/wp-json\/wp\/v2\/product_tag?post=411"}],"curies":[{"name":"wp","href":"https:\/\/api.w.org\/{rel}","templated":true}]}}