{"id":409,"date":"2025-05-13T09:08:39","date_gmt":"2025-05-13T01:08:39","guid":{"rendered":"https:\/\/bopinchem.com\/?post_type=product&#038;p=409"},"modified":"2025-05-29T11:34:15","modified_gmt":"2025-05-29T03:34:15","slug":"keo-tram-kin-acrylic-cao-cap-bopin-630-co-the-son-duoc","status":"publish","type":"product","link":"https:\/\/bopinchem.com\/vi\/bopin-630-premium-paintable-acrylic-sealant\/","title":{"rendered":"Keo d\u00e1n Acrylic cao c\u1ea5p BoPin 630"},"content":{"rendered":"<div>\n<div>\n<ul>\n<li class=\"otl-paragraph\"><strong>Kh\u1ea3 n\u0103ng s\u01a1n v\u01b0\u1ee3t tr\u1ed9i<\/strong>: \u00cdt n\u1ee9t ngay c\u1ea3 v\u1edbi s\u01a1n c\u00f3 \u0111\u1ed9 \u0111\u00e0n h\u1ed3i th\u1ea5p<\/li>\n<li class=\"otl-paragraph\"><strong>T\u00ednh linh ho\u1ea1t \u0111\u01b0\u1ee3c c\u1ea3i thi\u1ec7n (\u00b112,5%)<\/strong>: V\u01b0\u1ee3t tr\u1ed9i h\u01a1n acrylic ti\u00eau chu\u1ea9n v\u1ec1 kh\u1ea3 n\u0103ng th\u00edch \u1ee9ng chuy\u1ec3n \u0111\u1ed9ng<\/li>\n<li class=\"otl-paragraph\"><strong>Kh\u00f4 nhanh<\/strong>: \u0110\u1ed9 co ng\u00f3t trong qu\u00e1 tr\u00ecnh b\u1ea3o d\u01b0\u1ee1ng nh\u1ecf h\u01a1n 15%<\/li>\n<li class=\"otl-paragraph\"><strong>\u0110\u1ed9 b\u00e1m d\u00ednh tuy\u1ec7t v\u1eddi<\/strong>: Li\u00ean k\u1ebft ch\u1eb7t ch\u1ebd v\u1edbi nhi\u1ec1u b\u1ec1 m\u1eb7t x\u1ed1p kh\u00e1c nhau<\/li>\n<li class=\"otl-paragraph\"><strong>C\u00f4ng th\u1ee9c VOC th\u1ea5p<\/strong>: Th\u00e2n thi\u1ec7n v\u1edbi m\u00f4i tr\u01b0\u1eddng v\u1edbi m\u00f9i t\u1ed1i thi\u1ec3u<\/li>\n<li class=\"otl-paragraph\"><strong>S\u1eed d\u1ee5ng n\u1ed9i th\u1ea5t\/ngo\u1ea1i th\u1ea5t<\/strong>: Th\u00edch h\u1ee3p cho c\u00e1c \u1ee9ng d\u1ee5ng b\u00ean ngo\u00e0i c\u00f3 m\u00e1i che<\/li>\n<\/ul>\n<\/div>\n<\/div>","protected":false},"excerpt":{"rendered":"<div>\n<div>Keo tr\u00e1m acrylic bi\u1ebfn t\u00ednh chuy\u00ean nghi\u1ec7p c\u00f3 kh\u1ea3 n\u0103ng s\u01a1n v\u01b0\u1ee3t tr\u1ed9i v\u00e0 t\u00ednh linh ho\u1ea1t \u0111\u01b0\u1ee3c t\u0103ng c\u01b0\u1eddng. L\u00fd t\u01b0\u1edfng cho c\u00e1c m\u1ed1i n\u1ed1i trang tr\u00ed n\u1ed9i th\u1ea5t v\u00e0 ngo\u1ea1i th\u1ea5t n\u01a1i c\u1ea7n s\u01a1n, v\u1edbi \u0111\u1ed9 co ng\u00f3t t\u1ed1i thi\u1ec3u v\u00e0 kh\u1ea3 n\u0103ng ch\u1ed1ng n\u1ee9t tuy\u1ec7t v\u1eddi.<\/div>\n<\/div>","protected":false},"featured_media":380,"comment_status":"open","ping_status":"closed","template":"","meta":{"_acf_changed":false},"product_brand":[],"product_cat":[21],"product_tag":[],"class_list":{"0":"post-409","1":"product","2":"type-product","3":"status-publish","4":"has-post-thumbnail","6":"product_cat-acrylic-sealants","7":"pa_application-fields-decoration","9":"first","10":"instock","11":"shipping-taxable","12":"product-type-simple"},"acf":[],"_links":{"self":[{"href":"https:\/\/bopinchem.com\/vi\/wp-json\/wp\/v2\/product\/409","targetHints":{"allow":["GET"]}}],"collection":[{"href":"https:\/\/bopinchem.com\/vi\/wp-json\/wp\/v2\/product"}],"about":[{"href":"https:\/\/bopinchem.com\/vi\/wp-json\/wp\/v2\/types\/product"}],"replies":[{"embeddable":true,"href":"https:\/\/bopinchem.com\/vi\/wp-json\/wp\/v2\/comments?post=409"}],"version-history":[{"count":1,"href":"https:\/\/bopinchem.com\/vi\/wp-json\/wp\/v2\/product\/409\/revisions"}],"predecessor-version":[{"id":410,"href":"https:\/\/bopinchem.com\/vi\/wp-json\/wp\/v2\/product\/409\/revisions\/410"}],"wp:featuredmedia":[{"embeddable":true,"href":"https:\/\/bopinchem.com\/vi\/wp-json\/wp\/v2\/media\/380"}],"wp:attachment":[{"href":"https:\/\/bopinchem.com\/vi\/wp-json\/wp\/v2\/media?parent=409"}],"wp:term":[{"taxonomy":"product_brand","embeddable":true,"href":"https:\/\/bopinchem.com\/vi\/wp-json\/wp\/v2\/product_brand?post=409"},{"taxonomy":"product_cat","embeddable":true,"href":"https:\/\/bopinchem.com\/vi\/wp-json\/wp\/v2\/product_cat?post=409"},{"taxonomy":"product_tag","embeddable":true,"href":"https:\/\/bopinchem.com\/vi\/wp-json\/wp\/v2\/product_tag?post=409"}],"curies":[{"name":"wp","href":"https:\/\/api.w.org\/{rel}","templated":true}]}}