{"id":405,"date":"2025-05-13T08:27:53","date_gmt":"2025-05-13T00:27:53","guid":{"rendered":"https:\/\/bopinchem.com\/?post_type=product&#038;p=405"},"modified":"2025-05-29T11:33:01","modified_gmt":"2025-05-29T03:33:01","slug":"bopin-380-weather-resistant-facade-sealant","status":"publish","type":"product","link":"https:\/\/bopinchem.com\/vi\/bopin-380-weather-resistant-facade-sealant\/","title":{"rendered":"Ch\u1ea5t tr\u00e1m tr\u00e9t m\u1eb7t ti\u1ec1n ch\u1ed1ng ch\u1ecbu th\u1eddi ti\u1ebft BoPin 380"},"content":{"rendered":"<div>\n<div>\n<ul>\n<li class=\"otl-paragraph\"><strong>Kh\u1ea3 n\u0103ng di chuy\u1ec3n v\u01b0\u1ee3t tr\u1ed9i (\u00b150%)<\/strong>: Kh\u1ea3 n\u0103ng th\u00edch \u1ee9ng \u0111\u1eb7c bi\u1ec7t v\u1edbi chuy\u1ec3n \u0111\u1ed9ng nhi\u1ec7t v\u00e0 c\u1ea5u tr\u00fac<\/li>\n<li class=\"otl-paragraph\"><strong>\u0110\u1ed9 \u1ed5n \u0111\u1ecbnh tia UV ti\u00ean ti\u1ebfn<\/strong>: Kh\u00f4ng b\u1ecb suy tho\u00e1i, \u0111\u1ed5i m\u00e0u ho\u1eb7c m\u1ea5t t\u00ednh ch\u1ea5t c\u01a1 h\u1ecdc khi ti\u1ebfp x\u00fac v\u1edbi \u00e1nh n\u1eafng m\u1eb7t tr\u1eddi<\/li>\n<li class=\"otl-paragraph\"><strong>Kh\u1ea3 n\u0103ng ch\u1ed1ng ch\u1ecbu th\u1eddi ti\u1ebft kh\u1eafc nghi\u1ec7t<\/strong>: Ho\u1ea1t \u0111\u1ed9ng \u1edf nhi\u1ec7t \u0111\u1ed9 t\u1eeb -50\u00b0C \u0111\u1ebfn +150\u00b0C<\/li>\n<li class=\"otl-paragraph\"><strong>C\u00f4ng ngh\u1ec7 kh\u00f4ng nhu\u1ed9m m\u00e0u<\/strong>: An to\u00e0n khi s\u1eed d\u1ee5ng tr\u00ean \u0111\u00e1 t\u1ef1 nhi\u00ean v\u00e0 v\u1eadt li\u1ec7u m\u1eb7t ti\u1ec1n nh\u1ea1y c\u1ea3m<\/li>\n<li class=\"otl-paragraph\"><strong>Tu\u1ed5i th\u1ecd d\u1ecbch v\u1ee5 k\u00e9o d\u00e0i<\/strong>: \u0110\u1ed9 b\u1ec1n h\u01a1n 20 n\u0103m v\u1edbi c\u00e1c m\u1ed1i n\u1ed1i \u0111\u01b0\u1ee3c thi\u1ebft k\u1ebf \u0111\u00fang c\u00e1ch<\/li>\n<li class=\"otl-paragraph\"><strong>\u1ee8ng d\u1ee5ng m\u1ecdi th\u1eddi ti\u1ebft<\/strong>: C\u00f3 th\u1ec3 \u00e1p d\u1ee5ng \u1edf nhi\u1ec7t \u0111\u1ed9 th\u1ea5p t\u1edbi -20\u00b0C<\/li>\n<\/ul>\n<\/div>\n<\/div>","protected":false},"excerpt":{"rendered":"<div>\n<div>Silicone trung t\u00ednh hi\u1ec7u su\u1ea5t cao cao c\u1ea5p \u0111\u01b0\u1ee3c thi\u1ebft k\u1ebf ri\u00eang cho c\u00e1c \u1ee9ng d\u1ee5ng bao che t\u00f2a nh\u00e0 b\u00ean ngo\u00e0i. C\u00f3 kh\u1ea3 n\u0103ng di chuy\u1ec3n \u0111\u1eb7c bi\u1ec7t, \u0111\u1eb7c t\u00ednh ch\u1ed1ng ch\u1ecbu th\u1eddi ti\u1ebft v\u00e0 tu\u1ed5i th\u1ecd cao, l\u00fd t\u01b0\u1edfng cho c\u00e1c \u1ee9ng d\u1ee5ng m\u1eb7t ti\u1ec1n v\u00e0 t\u01b0\u1eddng r\u00e8m \u0111\u00f2i h\u1ecfi kh\u1eaft khe.<\/div>\n<\/div>","protected":false},"featured_media":386,"comment_status":"open","ping_status":"closed","template":"","meta":{"_acf_changed":false},"product_brand":[],"product_cat":[24,18],"product_tag":[],"class_list":{"0":"post-405","1":"product","2":"type-product","3":"status-publish","4":"has-post-thumbnail","6":"product_cat-neutral-silicones","7":"product_cat-silicone-sealants","8":"pa_application-fields-roof-facade","10":"first","11":"instock","12":"shipping-taxable","13":"product-type-simple"},"acf":[],"_links":{"self":[{"href":"https:\/\/bopinchem.com\/vi\/wp-json\/wp\/v2\/product\/405","targetHints":{"allow":["GET"]}}],"collection":[{"href":"https:\/\/bopinchem.com\/vi\/wp-json\/wp\/v2\/product"}],"about":[{"href":"https:\/\/bopinchem.com\/vi\/wp-json\/wp\/v2\/types\/product"}],"replies":[{"embeddable":true,"href":"https:\/\/bopinchem.com\/vi\/wp-json\/wp\/v2\/comments?post=405"}],"version-history":[{"count":1,"href":"https:\/\/bopinchem.com\/vi\/wp-json\/wp\/v2\/product\/405\/revisions"}],"predecessor-version":[{"id":406,"href":"https:\/\/bopinchem.com\/vi\/wp-json\/wp\/v2\/product\/405\/revisions\/406"}],"wp:featuredmedia":[{"embeddable":true,"href":"https:\/\/bopinchem.com\/vi\/wp-json\/wp\/v2\/media\/386"}],"wp:attachment":[{"href":"https:\/\/bopinchem.com\/vi\/wp-json\/wp\/v2\/media?parent=405"}],"wp:term":[{"taxonomy":"product_brand","embeddable":true,"href":"https:\/\/bopinchem.com\/vi\/wp-json\/wp\/v2\/product_brand?post=405"},{"taxonomy":"product_cat","embeddable":true,"href":"https:\/\/bopinchem.com\/vi\/wp-json\/wp\/v2\/product_cat?post=405"},{"taxonomy":"product_tag","embeddable":true,"href":"https:\/\/bopinchem.com\/vi\/wp-json\/wp\/v2\/product_tag?post=405"}],"curies":[{"name":"wp","href":"https:\/\/api.w.org\/{rel}","templated":true}]}}