{"id":399,"date":"2025-05-12T16:50:41","date_gmt":"2025-05-12T08:50:41","guid":{"rendered":"https:\/\/bopinchem.com\/?post_type=product&#038;p=399"},"modified":"2025-05-29T11:32:00","modified_gmt":"2025-05-29T03:32:00","slug":"bopin-110-all-purpose-acetoxy-silicone-sealant","status":"publish","type":"product","link":"https:\/\/bopinchem.com\/vi\/bopin-110-all-purpose-acetoxy-silicone-sealant\/","title":{"rendered":"Keo d\u00e1n silicone Acetoxy \u0111a n\u0103ng BoPin 110"},"content":{"rendered":"<div>\n<div>\n<ul>\n<li class=\"otl-paragraph\"><strong>Gi\u1ea3i ph\u00e1p kinh t\u1ebf<\/strong>: T\u1ef7 l\u1ec7 gi\u00e1-hi\u1ec7u su\u1ea5t tuy\u1ec7t v\u1eddi cho c\u00e1c \u1ee9ng d\u1ee5ng chung<\/li>\n<li class=\"otl-paragraph\"><strong>Th\u1eddi gian \u0111\u00f3ng r\u1eafn nhanh<\/strong>: T\u1ea1o h\u00ecnh da trong v\u00f2ng 5-10 ph\u00fat \u0111\u1ec3 ho\u00e0n th\u00e0nh d\u1ef1 \u00e1n nhanh h\u01a1n<\/li>\n<li class=\"otl-paragraph\"><strong>Ch\u1ed1ng tia UV v\u00e0 th\u1eddi ti\u1ebft<\/strong>: Duy tr\u00ec t\u00ednh ch\u1ea5t b\u1ea5t ch\u1ea5p \u00e1nh n\u1eafng m\u1eb7t tr\u1eddi v\u00e0 th\u1eddi ti\u1ebft<\/li>\n<li class=\"otl-paragraph\"><strong>\u0110\u1ed9 b\u00e1m d\u00ednh m\u1ea1nh<\/strong>: Li\u00ean k\u1ebft tuy\u1ec7t v\u1eddi v\u1edbi b\u1ec1 m\u1eb7t k\u00ednh, g\u1ed1m s\u1ee9 v\u00e0 kh\u00f4ng x\u1ed1p<\/li>\n<li class=\"otl-paragraph\"><strong>S\u1ef1 linh ho\u1ea1t v\u0129nh vi\u1ec5n<\/strong>: Duy tr\u00ec t\u00ednh \u0111\u00e0n h\u1ed3i trong su\u1ed1t th\u1eddi gian s\u1eed d\u1ee5ng<\/li>\n<li class=\"otl-paragraph\"><strong>S\u1eb5n s\u00e0ng s\u1eed d\u1ee5ng<\/strong>: Kh\u00f4ng c\u1ea7n pha tr\u1ed9n \u0111\u1ec3 s\u1eed d\u1ee5ng thu\u1eadn ti\u1ec7n<\/li>\n<\/ul>\n<\/div>\n<\/div>","protected":false},"excerpt":{"rendered":"<div>\n<div>Keo silicone acetoxy \u0111a n\u0103ng ti\u1ebft ki\u1ec7m mang l\u1ea1i hi\u1ec7u su\u1ea5t \u0111\u00e1ng tin c\u1eady cho c\u00e1c \u1ee9ng d\u1ee5ng x\u00e2y d\u1ef1ng chung v\u00e0 gia d\u1ee5ng. C\u00f4ng th\u1ee9c \u0111\u00f4ng c\u1ee9ng nhanh mang l\u1ea1i \u0111\u1ed9 b\u00e1m d\u00ednh v\u00e0 \u0111\u1ed9 b\u1ec1n tuy\u1ec7t v\u1eddi v\u1edbi m\u1ee9c gi\u00e1 h\u1ee3p l\u00fd.<\/div>\n<\/div>","protected":false},"featured_media":382,"comment_status":"open","ping_status":"closed","template":"","meta":{"_acf_changed":false},"product_brand":[],"product_cat":[25,18],"product_tag":[],"class_list":{"0":"post-399","1":"product","2":"type-product","3":"status-publish","4":"has-post-thumbnail","6":"product_cat-acetoxy-silicones","7":"product_cat-silicone-sealants","8":"pa_application-fields-general-construction","10":"first","11":"instock","12":"shipping-taxable","13":"product-type-simple"},"acf":[],"_links":{"self":[{"href":"https:\/\/bopinchem.com\/vi\/wp-json\/wp\/v2\/product\/399","targetHints":{"allow":["GET"]}}],"collection":[{"href":"https:\/\/bopinchem.com\/vi\/wp-json\/wp\/v2\/product"}],"about":[{"href":"https:\/\/bopinchem.com\/vi\/wp-json\/wp\/v2\/types\/product"}],"replies":[{"embeddable":true,"href":"https:\/\/bopinchem.com\/vi\/wp-json\/wp\/v2\/comments?post=399"}],"version-history":[{"count":1,"href":"https:\/\/bopinchem.com\/vi\/wp-json\/wp\/v2\/product\/399\/revisions"}],"predecessor-version":[{"id":400,"href":"https:\/\/bopinchem.com\/vi\/wp-json\/wp\/v2\/product\/399\/revisions\/400"}],"wp:featuredmedia":[{"embeddable":true,"href":"https:\/\/bopinchem.com\/vi\/wp-json\/wp\/v2\/media\/382"}],"wp:attachment":[{"href":"https:\/\/bopinchem.com\/vi\/wp-json\/wp\/v2\/media?parent=399"}],"wp:term":[{"taxonomy":"product_brand","embeddable":true,"href":"https:\/\/bopinchem.com\/vi\/wp-json\/wp\/v2\/product_brand?post=399"},{"taxonomy":"product_cat","embeddable":true,"href":"https:\/\/bopinchem.com\/vi\/wp-json\/wp\/v2\/product_cat?post=399"},{"taxonomy":"product_tag","embeddable":true,"href":"https:\/\/bopinchem.com\/vi\/wp-json\/wp\/v2\/product_tag?post=399"}],"curies":[{"name":"wp","href":"https:\/\/api.w.org\/{rel}","templated":true}]}}