{"id":392,"date":"2025-05-12T16:07:52","date_gmt":"2025-05-12T08:07:52","guid":{"rendered":"https:\/\/bopinchem.com\/?post_type=product&#038;p=392"},"modified":"2025-05-29T11:30:48","modified_gmt":"2025-05-29T03:30:48","slug":"bopin-550-sanitary-neutral-silicone-sealant","status":"publish","type":"product","link":"https:\/\/bopinchem.com\/vi\/bopin-550-sanitary-neutral-silicone-sealant\/","title":{"rendered":"Keo d\u00e1n silicone trung t\u00ednh v\u1ec7 sinh BoPin 550"},"content":{"rendered":"<div>\n<div>\n<ul>\n<li class=\"otl-paragraph\"><strong>C\u00f4ng ngh\u1ec7 ch\u1ed1ng n\u1ea5m m\u1ed1c ti\u00ean ti\u1ebfn<\/strong>: Kh\u1ea3 n\u0103ng ch\u1ed1ng n\u1ea5m m\u1ed1c v\u00e0 n\u1ea5m ph\u00e1t tri\u1ec3n v\u01b0\u1ee3t tr\u1ed9i<\/li>\n<li class=\"otl-paragraph\"><strong>Ch\u1ed1ng th\u1ea5m nhanh<\/strong>: T\u1ea1o ra l\u1edbp ch\u1eafn n\u01b0\u1edbc hi\u1ec7u qu\u1ea3 trong v\u00f2ng 30 ph\u00fat<\/li>\n<li class=\"otl-paragraph\"><strong>Kh\u00e1ng h\u00f3a ch\u1ea5t<\/strong>: Ch\u1ecbu \u0111\u01b0\u1ee3c c\u00e1c s\u1ea3n ph\u1ea9m t\u1ea9y r\u1eeda gia d\u1ee5ng m\u00e0 kh\u00f4ng b\u1ecb ph\u00e2n h\u1ee7y<\/li>\n<li class=\"otl-paragraph\"><strong>C\u00f4ng th\u1ee9c an to\u00e0n cho \u0111\u00e1<\/strong>: C\u00f3 th\u1ec3 s\u1eed d\u1ee5ng tr\u00ean \u0111\u00e1 t\u1ef1 nhi\u00ean m\u00e0 kh\u00f4ng g\u00e2y \u0111\u1ed5i m\u00e0u<\/li>\n<li class=\"otl-paragraph\"><strong>Th\u00e0nh ph\u1ea7n kh\u00f4ng ch\u1ee9a MEKO<\/strong>: Gi\u1ea3i ph\u00e1p thay th\u1ebf an to\u00e0n h\u01a1n cho ch\u1ea5t tr\u00e1m v\u1ec7 sinh ti\u00eau chu\u1ea9n v\u1ec1 m\u1eb7t m\u00f4i tr\u01b0\u1eddng<\/li>\n<li class=\"otl-paragraph\"><strong>T\u00ednh linh ho\u1ea1t d\u00e0i h\u1ea1n<\/strong>: Duy tr\u00ec hi\u1ec7u su\u1ea5t b\u1ea5t ch\u1ea5p s\u1ef1 thay \u0111\u1ed5i nhi\u1ec7t \u0111\u1ed9 v\u00e0 \u0111\u1ed9 rung<\/li>\n<\/ul>\n<\/div>\n<\/div>","protected":false},"excerpt":{"rendered":"<div>\n<div>Keo silicone ch\u1ed1ng n\u1ea5m m\u1ed1c chuy\u00ean nghi\u1ec7p \u0111\u01b0\u1ee3c thi\u1ebft k\u1ebf ri\u00eang cho khu v\u1ef1c \u1ea9m \u01b0\u1edbt. Cung c\u1ea5p kh\u1ea3 n\u0103ng b\u1ea3o v\u1ec7 l\u00e2u d\u00e0i ch\u1ed1ng n\u1ea5m m\u1ed1c \u0111\u1ed3ng th\u1eddi duy tr\u00ec \u0111\u1ed9 linh ho\u1ea1t v\u00e0 \u0111\u1ed9 b\u00e1m d\u00ednh trong m\u00f4i tr\u01b0\u1eddng c\u00f3 \u0111\u1ed9 \u1ea9m cao.<\/div>\n<\/div>","protected":false},"featured_media":381,"comment_status":"open","ping_status":"closed","template":"","meta":{"_acf_changed":false},"product_brand":[],"product_cat":[24,18],"product_tag":[],"class_list":{"0":"post-392","1":"product","2":"type-product","3":"status-publish","4":"has-post-thumbnail","6":"product_cat-neutral-silicones","7":"product_cat-silicone-sealants","8":"pa_application-fields-sanitary","10":"first","11":"instock","12":"shipping-taxable","13":"product-type-simple"},"acf":[],"_links":{"self":[{"href":"https:\/\/bopinchem.com\/vi\/wp-json\/wp\/v2\/product\/392","targetHints":{"allow":["GET"]}}],"collection":[{"href":"https:\/\/bopinchem.com\/vi\/wp-json\/wp\/v2\/product"}],"about":[{"href":"https:\/\/bopinchem.com\/vi\/wp-json\/wp\/v2\/types\/product"}],"replies":[{"embeddable":true,"href":"https:\/\/bopinchem.com\/vi\/wp-json\/wp\/v2\/comments?post=392"}],"version-history":[{"count":2,"href":"https:\/\/bopinchem.com\/vi\/wp-json\/wp\/v2\/product\/392\/revisions"}],"predecessor-version":[{"id":394,"href":"https:\/\/bopinchem.com\/vi\/wp-json\/wp\/v2\/product\/392\/revisions\/394"}],"wp:featuredmedia":[{"embeddable":true,"href":"https:\/\/bopinchem.com\/vi\/wp-json\/wp\/v2\/media\/381"}],"wp:attachment":[{"href":"https:\/\/bopinchem.com\/vi\/wp-json\/wp\/v2\/media?parent=392"}],"wp:term":[{"taxonomy":"product_brand","embeddable":true,"href":"https:\/\/bopinchem.com\/vi\/wp-json\/wp\/v2\/product_brand?post=392"},{"taxonomy":"product_cat","embeddable":true,"href":"https:\/\/bopinchem.com\/vi\/wp-json\/wp\/v2\/product_cat?post=392"},{"taxonomy":"product_tag","embeddable":true,"href":"https:\/\/bopinchem.com\/vi\/wp-json\/wp\/v2\/product_tag?post=392"}],"curies":[{"name":"wp","href":"https:\/\/api.w.org\/{rel}","templated":true}]}}