{"id":228,"date":"2025-04-21T08:51:56","date_gmt":"2025-04-21T00:51:56","guid":{"rendered":"https:\/\/bopinchem.com\/?post_type=product&#038;p=228"},"modified":"2025-06-04T09:09:57","modified_gmt":"2025-06-04T01:09:57","slug":"keo-silicone-trung-tinh-da-nang-bopin-122","status":"publish","type":"product","link":"https:\/\/bopinchem.com\/vi\/bopin-122-general-purpose-neutral-silicone-sealant\/","title":{"rendered":"Keo d\u00e1n silicone trung t\u00ednh \u0111a n\u0103ng BoPin 122"},"content":{"rendered":"<div>\n<div>\n<ul>\n<li class=\"otl-paragraph\"><strong>Kh\u1ea3 n\u0103ng ch\u1ed1ng ch\u1ecbu th\u1eddi ti\u1ebft v\u01b0\u1ee3t tr\u1ed9i<\/strong>: V\u1eabn linh ho\u1ea1t v\u00e0 hi\u1ec7u qu\u1ea3 t\u1eeb -40\u00b0C \u0111\u1ebfn +120\u00b0C<\/li>\n<li class=\"otl-paragraph\"><strong>Kh\u1ea3 n\u0103ng di chuy\u1ec3n cao (\u00b125%)<\/strong>: H\u1ea5p th\u1ee5 chuy\u1ec3n \u0111\u1ed9ng c\u1ee7a t\u00f2a nh\u00e0 m\u00e0 kh\u00f4ng b\u1ecb n\u1ee9t ho\u1eb7c m\u1ea5t \u0111\u1ed9 b\u00e1m d\u00ednh<\/li>\n<li class=\"otl-paragraph\"><strong>C\u00f4ng th\u1ee9c kh\u00f4ng ch\u1ee9a MEKO<\/strong>: Gi\u1ea3i ph\u00e1p thay th\u1ebf an to\u00e0n h\u01a1n cho m\u00f4i tr\u01b0\u1eddng m\u00e0 kh\u00f4ng \u1ea3nh h\u01b0\u1edfng \u0111\u1ebfn hi\u1ec7u su\u1ea5t<\/li>\n<li class=\"otl-paragraph\"><strong>C\u00f4ng ngh\u1ec7 kh\u00f4ng \u0103n m\u00f2n<\/strong>: An to\u00e0n khi s\u1eed d\u1ee5ng tr\u00ean m\u1ecdi kim lo\u1ea1i m\u00e0 kh\u00f4ng c\u00f3 nguy c\u01a1 b\u1ecb oxy h\u00f3a<\/li>\n<li class=\"otl-paragraph\"><strong>Kh\u1ea3 n\u0103ng ch\u1ed1ng tia UV tuy\u1ec7t v\u1eddi<\/strong>: Kh\u00f4ng b\u1ecb \u1ed1 v\u00e0ng, n\u1ee9t n\u1ebb ho\u1eb7c h\u01b0 h\u1ecfng khi ti\u1ebfp x\u00fac v\u1edbi \u00e1nh n\u1eafng m\u1eb7t tr\u1eddi<\/li>\n<li class=\"otl-paragraph\"><strong>Kh\u1ea3 n\u0103ng t\u01b0\u01a1ng th\u00edch r\u1ed9ng v\u1edbi nhi\u1ec1u ch\u1ea5t n\u1ec1n<\/strong>: Ph\u00f9 h\u1ee3p v\u1edbi h\u1ea7u h\u1ebft c\u00e1c v\u1eadt li\u1ec7u x\u00e2y d\u1ef1ng th\u00f4ng th\u01b0\u1eddng m\u00e0 kh\u00f4ng c\u1ea7n s\u01a1n l\u00f3t<\/li>\n<\/ul>\n<\/div>\n<\/div>","protected":false},"excerpt":{"rendered":"<div>\n<div>Keo silicone trung t\u00ednh cao c\u1ea5p c\u00f3 kh\u1ea3 n\u0103ng ch\u1ed1ng ch\u1ecbu th\u1eddi ti\u1ebft, \u0111\u1ed9 linh ho\u1ea1t v\u00e0 \u0111\u1ed9 b\u00e1m d\u00ednh tuy\u1ec7t v\u1eddi cho nhi\u1ec1u \u1ee9ng d\u1ee5ng x\u00e2y d\u1ef1ng kh\u00e1c nhau. C\u00f4ng th\u1ee9c kh\u00f4ng ch\u1ee9a MEKO \u0111\u1ea3m b\u1ea3o an to\u00e0n \u0111\u1ed3ng th\u1eddi mang l\u1ea1i k\u1ebft qu\u1ea3 chuy\u00ean nghi\u1ec7p trong c\u1ea3 m\u00f4i tr\u01b0\u1eddng n\u1ed9i th\u1ea5t v\u00e0 ngo\u1ea1i th\u1ea5t.<\/div>\n<\/div>","protected":false},"featured_media":379,"comment_status":"open","ping_status":"closed","template":"","meta":{"_acf_changed":false},"product_brand":[],"product_cat":[24,18],"product_tag":[],"class_list":{"0":"post-228","1":"product","2":"type-product","3":"status-publish","4":"has-post-thumbnail","6":"product_cat-neutral-silicones","7":"product_cat-silicone-sealants","8":"pa_application-fields-general-construction","10":"first","11":"instock","12":"shipping-taxable","13":"product-type-simple"},"acf":[],"_links":{"self":[{"href":"https:\/\/bopinchem.com\/vi\/wp-json\/wp\/v2\/product\/228","targetHints":{"allow":["GET"]}}],"collection":[{"href":"https:\/\/bopinchem.com\/vi\/wp-json\/wp\/v2\/product"}],"about":[{"href":"https:\/\/bopinchem.com\/vi\/wp-json\/wp\/v2\/types\/product"}],"replies":[{"embeddable":true,"href":"https:\/\/bopinchem.com\/vi\/wp-json\/wp\/v2\/comments?post=228"}],"version-history":[{"count":15,"href":"https:\/\/bopinchem.com\/vi\/wp-json\/wp\/v2\/product\/228\/revisions"}],"predecessor-version":[{"id":388,"href":"https:\/\/bopinchem.com\/vi\/wp-json\/wp\/v2\/product\/228\/revisions\/388"}],"wp:featuredmedia":[{"embeddable":true,"href":"https:\/\/bopinchem.com\/vi\/wp-json\/wp\/v2\/media\/379"}],"wp:attachment":[{"href":"https:\/\/bopinchem.com\/vi\/wp-json\/wp\/v2\/media?parent=228"}],"wp:term":[{"taxonomy":"product_brand","embeddable":true,"href":"https:\/\/bopinchem.com\/vi\/wp-json\/wp\/v2\/product_brand?post=228"},{"taxonomy":"product_cat","embeddable":true,"href":"https:\/\/bopinchem.com\/vi\/wp-json\/wp\/v2\/product_cat?post=228"},{"taxonomy":"product_tag","embeddable":true,"href":"https:\/\/bopinchem.com\/vi\/wp-json\/wp\/v2\/product_tag?post=228"}],"curies":[{"name":"wp","href":"https:\/\/api.w.org\/{rel}","templated":true}]}}