{"id":409,"date":"2025-05-13T09:08:39","date_gmt":"2025-05-13T01:08:39","guid":{"rendered":"https:\/\/bopinchem.com\/?post_type=product&#038;p=409"},"modified":"2025-05-29T11:34:15","modified_gmt":"2025-05-29T03:34:15","slug":"bopin-630-premium-boyanabilir-akrilik-sizdirmazlik-malzemesi","status":"publish","type":"product","link":"https:\/\/bopinchem.com\/tr\/bopin-630-premium-paintable-acrylic-sealant\/","title":{"rendered":"BoPin 630 Premium Boyanabilir Akrilik Mastik"},"content":{"rendered":"<div>\n<div>\n<ul>\n<li class=\"otl-paragraph\"><strong>\u00dcst\u00fcn Boyanabilirlik<\/strong>: D\u00fc\u015f\u00fck elastikiyetli boyalarda bile minimum \u00e7atlama<\/li>\n<li class=\"otl-paragraph\"><strong>Geli\u015ftirilmi\u015f Esneklik (\u00b112,5%)<\/strong>: Hareket uyumunda standart akriliklerden daha iyi performans g\u00f6sterir<\/li>\n<li class=\"otl-paragraph\"><strong>H\u0131zl\u0131 Kuruma<\/strong>: K\u00fcrlenme s\u0131ras\u0131nda 15%'den daha az b\u00fcz\u00fclme<\/li>\n<li class=\"otl-paragraph\"><strong>M\u00fckemmel Yap\u0131\u015fma<\/strong>: \u00c7e\u015fitli g\u00f6zenekli y\u00fczeylere g\u00fc\u00e7l\u00fc ba\u011flanma<\/li>\n<li class=\"otl-paragraph\"><strong>D\u00fc\u015f\u00fck VOC Form\u00fcl\u00fc<\/strong>: Minimum koku ile \u00e7evre dostu<\/li>\n<li class=\"otl-paragraph\"><strong>\u0130\u00e7\/D\u0131\u015f Kullan\u0131m<\/strong>: Korunakl\u0131 d\u0131\u015f uygulamalar i\u00e7in uygundur<\/li>\n<\/ul>\n<\/div>\n<\/div>","protected":false},"excerpt":{"rendered":"<div>\n<div>\u00dcst\u00fcn boyanabilirlik ve geli\u015fmi\u015f esnekli\u011fe sahip profesyonel s\u0131n\u0131f modifiye akrilik mastik. Minimum b\u00fcz\u00fclme ve m\u00fckemmel \u00e7atlak direnci ile boyaman\u0131n gerekli oldu\u011fu i\u00e7 ve d\u0131\u015f dekoratif derzler i\u00e7in idealdir.<\/div>\n<\/div>","protected":false},"featured_media":380,"comment_status":"open","ping_status":"closed","template":"","meta":{"_acf_changed":false},"product_brand":[],"product_cat":[21],"product_tag":[],"class_list":{"0":"post-409","1":"product","2":"type-product","3":"status-publish","4":"has-post-thumbnail","6":"product_cat-acrylic-sealants","7":"pa_application-fields-decoration","9":"first","10":"instock","11":"shipping-taxable","12":"product-type-simple"},"acf":[],"_links":{"self":[{"href":"https:\/\/bopinchem.com\/tr\/wp-json\/wp\/v2\/product\/409","targetHints":{"allow":["GET"]}}],"collection":[{"href":"https:\/\/bopinchem.com\/tr\/wp-json\/wp\/v2\/product"}],"about":[{"href":"https:\/\/bopinchem.com\/tr\/wp-json\/wp\/v2\/types\/product"}],"replies":[{"embeddable":true,"href":"https:\/\/bopinchem.com\/tr\/wp-json\/wp\/v2\/comments?post=409"}],"version-history":[{"count":1,"href":"https:\/\/bopinchem.com\/tr\/wp-json\/wp\/v2\/product\/409\/revisions"}],"predecessor-version":[{"id":410,"href":"https:\/\/bopinchem.com\/tr\/wp-json\/wp\/v2\/product\/409\/revisions\/410"}],"wp:featuredmedia":[{"embeddable":true,"href":"https:\/\/bopinchem.com\/tr\/wp-json\/wp\/v2\/media\/380"}],"wp:attachment":[{"href":"https:\/\/bopinchem.com\/tr\/wp-json\/wp\/v2\/media?parent=409"}],"wp:term":[{"taxonomy":"product_brand","embeddable":true,"href":"https:\/\/bopinchem.com\/tr\/wp-json\/wp\/v2\/product_brand?post=409"},{"taxonomy":"product_cat","embeddable":true,"href":"https:\/\/bopinchem.com\/tr\/wp-json\/wp\/v2\/product_cat?post=409"},{"taxonomy":"product_tag","embeddable":true,"href":"https:\/\/bopinchem.com\/tr\/wp-json\/wp\/v2\/product_tag?post=409"}],"curies":[{"name":"wp","href":"https:\/\/api.w.org\/{rel}","templated":true}]}}