{"id":392,"date":"2025-05-12T16:07:52","date_gmt":"2025-05-12T08:07:52","guid":{"rendered":"https:\/\/bopinchem.com\/?post_type=product&#038;p=392"},"modified":"2025-05-29T11:30:48","modified_gmt":"2025-05-29T03:30:48","slug":"bopin-550-sanitary-neutral-silicone-sealant","status":"publish","type":"product","link":"https:\/\/bopinchem.com\/tr\/bopin-550-sanitary-neutral-silicone-sealant\/","title":{"rendered":"BoPin 550 S\u0131hhi N\u00f6tr Silikon Mastik"},"content":{"rendered":"<div>\n<div>\n<ul>\n<li class=\"otl-paragraph\"><strong>Geli\u015fmi\u015f K\u00fcf \u00d6nleyici Teknoloji<\/strong>: K\u00fcf ve mantar olu\u015fumuna kar\u015f\u0131 \u00fcst\u00fcn diren\u00e7<\/li>\n<li class=\"otl-paragraph\"><strong>H\u0131zl\u0131 Su Yal\u0131t\u0131m\u0131<\/strong>: Etkili su bariyerini 30 dakika i\u00e7inde olu\u015fturur<\/li>\n<li class=\"otl-paragraph\"><strong>Kimyasal Diren\u00e7<\/strong>: Ev temizlik \u00fcr\u00fcnlerine bozulmadan dayan\u0131r<\/li>\n<li class=\"otl-paragraph\"><strong>Ta\u015fa Kar\u015f\u0131 G\u00fcvenli Form\u00fcl<\/strong>: Renk bozulmas\u0131na neden olmadan do\u011fal ta\u015f \u00fczerinde kullan\u0131labilir<\/li>\n<li class=\"otl-paragraph\"><strong>MEKO \u0130\u00e7ermeyen Kompozisyon<\/strong>: Standart s\u0131hhi dolgu macunlar\u0131na \u00e7evresel a\u00e7\u0131dan daha g\u00fcvenli bir alternatif<\/li>\n<li class=\"otl-paragraph\"><strong>Uzun Vadeli Esneklik<\/strong>: S\u0131cakl\u0131k dalgalanmalar\u0131na ve titre\u015fime ra\u011fmen performans\u0131n\u0131 korur<\/li>\n<\/ul>\n<\/div>\n<\/div>","protected":false},"excerpt":{"rendered":"<div>\n<div>Islak alanlar i\u00e7in \u00f6zel olarak tasarlanm\u0131\u015f profesyonel kalitede k\u00fcf \u00f6nleyici silikon dolgu macunu. Y\u00fcksek nemli ortamlarda esnekli\u011fini ve yap\u0131\u015fkanl\u0131\u011f\u0131n\u0131 korurken k\u00fcflenmeye kar\u015f\u0131 uzun s\u00fcreli koruma sa\u011flar.<\/div>\n<\/div>","protected":false},"featured_media":381,"comment_status":"open","ping_status":"closed","template":"","meta":{"_acf_changed":false},"product_brand":[],"product_cat":[24,18],"product_tag":[],"class_list":{"0":"post-392","1":"product","2":"type-product","3":"status-publish","4":"has-post-thumbnail","6":"product_cat-neutral-silicones","7":"product_cat-silicone-sealants","8":"pa_application-fields-sanitary","10":"first","11":"instock","12":"shipping-taxable","13":"product-type-simple"},"acf":[],"_links":{"self":[{"href":"https:\/\/bopinchem.com\/tr\/wp-json\/wp\/v2\/product\/392","targetHints":{"allow":["GET"]}}],"collection":[{"href":"https:\/\/bopinchem.com\/tr\/wp-json\/wp\/v2\/product"}],"about":[{"href":"https:\/\/bopinchem.com\/tr\/wp-json\/wp\/v2\/types\/product"}],"replies":[{"embeddable":true,"href":"https:\/\/bopinchem.com\/tr\/wp-json\/wp\/v2\/comments?post=392"}],"version-history":[{"count":2,"href":"https:\/\/bopinchem.com\/tr\/wp-json\/wp\/v2\/product\/392\/revisions"}],"predecessor-version":[{"id":394,"href":"https:\/\/bopinchem.com\/tr\/wp-json\/wp\/v2\/product\/392\/revisions\/394"}],"wp:featuredmedia":[{"embeddable":true,"href":"https:\/\/bopinchem.com\/tr\/wp-json\/wp\/v2\/media\/381"}],"wp:attachment":[{"href":"https:\/\/bopinchem.com\/tr\/wp-json\/wp\/v2\/media?parent=392"}],"wp:term":[{"taxonomy":"product_brand","embeddable":true,"href":"https:\/\/bopinchem.com\/tr\/wp-json\/wp\/v2\/product_brand?post=392"},{"taxonomy":"product_cat","embeddable":true,"href":"https:\/\/bopinchem.com\/tr\/wp-json\/wp\/v2\/product_cat?post=392"},{"taxonomy":"product_tag","embeddable":true,"href":"https:\/\/bopinchem.com\/tr\/wp-json\/wp\/v2\/product_tag?post=392"}],"curies":[{"name":"wp","href":"https:\/\/api.w.org\/{rel}","templated":true}]}}