{"id":228,"date":"2025-04-21T08:51:56","date_gmt":"2025-04-21T00:51:56","guid":{"rendered":"https:\/\/bopinchem.com\/?post_type=product&#038;p=228"},"modified":"2025-06-04T09:09:57","modified_gmt":"2025-06-04T01:09:57","slug":"bopin-122-general-purpose-neutral-silicone-sealant","status":"publish","type":"product","link":"https:\/\/bopinchem.com\/tr\/bopin-122-general-purpose-neutral-silicone-sealant\/","title":{"rendered":"BoPin 122 Genel Ama\u00e7l\u0131 N\u00f6tr Silikon Mastik"},"content":{"rendered":"<div>\n<div>\n<ul>\n<li class=\"otl-paragraph\"><strong>\u00dcst\u00fcn Hava Ko\u015fullar\u0131na Dayan\u0131kl\u0131l\u0131k<\/strong>: 40\u00b0C ila +120\u00b0C aras\u0131nda esnek ve etkili kal\u0131r<\/li>\n<li class=\"otl-paragraph\"><strong>Y\u00fcksek Hareket Kabiliyeti (\u00b125%)<\/strong>: \u00c7atlama veya yap\u0131\u015fma kayb\u0131 olmadan bina hareketini emer<\/li>\n<li class=\"otl-paragraph\"><strong>MEKO \u0130\u00e7ermeyen Form\u00fcl<\/strong>: Performanstan \u00f6d\u00fcn vermeden \u00e7evresel a\u00e7\u0131dan daha g\u00fcvenli bir alternatif<\/li>\n<li class=\"otl-paragraph\"><strong>Korozif Olmayan Teknoloji<\/strong>: Oksidasyon riski olmadan t\u00fcm metaller \u00fczerinde kullan\u0131m i\u00e7in g\u00fcvenlidir<\/li>\n<li class=\"otl-paragraph\"><strong>M\u00fckemmel UV Dayan\u0131m\u0131<\/strong>: G\u00fcne\u015fe maruz kald\u0131\u011f\u0131nda sararma, \u00e7atlama veya bozulma olmaz<\/li>\n<li class=\"otl-paragraph\"><strong>Geni\u015f Substrat Uyumlulu\u011fu<\/strong>: Astar gerektirmeden en yayg\u0131n yap\u0131 malzemelerine yap\u0131\u015f\u0131r<\/li>\n<\/ul>\n<\/div>\n<\/div>","protected":false},"excerpt":{"rendered":"<div>\n<div>\u00c7e\u015fitli in\u015faat uygulamalar\u0131 i\u00e7in ola\u011fan\u00fcst\u00fc hava ko\u015fullar\u0131na dayan\u0131kl\u0131l\u0131k, esneklik ve yap\u0131\u015fma sunan birinci s\u0131n\u0131f n\u00f6tr k\u00fcrlenen silikon mastik. MEKO i\u00e7ermeyen form\u00fcl\u00fc, hem i\u00e7 hem de d\u0131\u015f ortamlarda profesyonel sonu\u00e7lar sunarken g\u00fcvenli\u011fi sa\u011flar.<\/div>\n<\/div>","protected":false},"featured_media":379,"comment_status":"open","ping_status":"closed","template":"","meta":{"_acf_changed":false},"product_brand":[],"product_cat":[24,18],"product_tag":[],"class_list":{"0":"post-228","1":"product","2":"type-product","3":"status-publish","4":"has-post-thumbnail","6":"product_cat-neutral-silicones","7":"product_cat-silicone-sealants","8":"pa_application-fields-general-construction","10":"first","11":"instock","12":"shipping-taxable","13":"product-type-simple"},"acf":[],"_links":{"self":[{"href":"https:\/\/bopinchem.com\/tr\/wp-json\/wp\/v2\/product\/228","targetHints":{"allow":["GET"]}}],"collection":[{"href":"https:\/\/bopinchem.com\/tr\/wp-json\/wp\/v2\/product"}],"about":[{"href":"https:\/\/bopinchem.com\/tr\/wp-json\/wp\/v2\/types\/product"}],"replies":[{"embeddable":true,"href":"https:\/\/bopinchem.com\/tr\/wp-json\/wp\/v2\/comments?post=228"}],"version-history":[{"count":15,"href":"https:\/\/bopinchem.com\/tr\/wp-json\/wp\/v2\/product\/228\/revisions"}],"predecessor-version":[{"id":388,"href":"https:\/\/bopinchem.com\/tr\/wp-json\/wp\/v2\/product\/228\/revisions\/388"}],"wp:featuredmedia":[{"embeddable":true,"href":"https:\/\/bopinchem.com\/tr\/wp-json\/wp\/v2\/media\/379"}],"wp:attachment":[{"href":"https:\/\/bopinchem.com\/tr\/wp-json\/wp\/v2\/media?parent=228"}],"wp:term":[{"taxonomy":"product_brand","embeddable":true,"href":"https:\/\/bopinchem.com\/tr\/wp-json\/wp\/v2\/product_brand?post=228"},{"taxonomy":"product_cat","embeddable":true,"href":"https:\/\/bopinchem.com\/tr\/wp-json\/wp\/v2\/product_cat?post=228"},{"taxonomy":"product_tag","embeddable":true,"href":"https:\/\/bopinchem.com\/tr\/wp-json\/wp\/v2\/product_tag?post=228"}],"curies":[{"name":"wp","href":"https:\/\/api.w.org\/{rel}","templated":true}]}}