{"id":679,"date":"2025-05-23T10:39:01","date_gmt":"2025-05-23T02:39:01","guid":{"rendered":"https:\/\/bopinchem.com\/?page_id=679"},"modified":"2025-05-29T09:03:10","modified_gmt":"2025-05-29T01:03:10","slug":"solutions","status":"publish","type":"page","link":"https:\/\/bopinchem.com\/tr\/solutions\/","title":{"rendered":"\u00c7\u00f6z\u00fcmler"},"content":{"rendered":"","protected":false},"excerpt":{"rendered":"","protected":false},"author":1,"featured_media":0,"parent":0,"menu_order":0,"comment_status":"closed","ping_status":"closed","template":"","meta":{"_acf_changed":false,"footnotes":""},"class_list":["post-679","page","type-page","status-publish","hentry"],"acf":[],"_links":{"self":[{"href":"https:\/\/bopinchem.com\/tr\/wp-json\/wp\/v2\/pages\/679","targetHints":{"allow":["GET"]}}],"collection":[{"href":"https:\/\/bopinchem.com\/tr\/wp-json\/wp\/v2\/pages"}],"about":[{"href":"https:\/\/bopinchem.com\/tr\/wp-json\/wp\/v2\/types\/page"}],"author":[{"embeddable":true,"href":"https:\/\/bopinchem.com\/tr\/wp-json\/wp\/v2\/users\/1"}],"replies":[{"embeddable":true,"href":"https:\/\/bopinchem.com\/tr\/wp-json\/wp\/v2\/comments?post=679"}],"version-history":[{"count":2,"href":"https:\/\/bopinchem.com\/tr\/wp-json\/wp\/v2\/pages\/679\/revisions"}],"predecessor-version":[{"id":842,"href":"https:\/\/bopinchem.com\/tr\/wp-json\/wp\/v2\/pages\/679\/revisions\/842"}],"wp:attachment":[{"href":"https:\/\/bopinchem.com\/tr\/wp-json\/wp\/v2\/media?parent=679"}],"curies":[{"name":"wp","href":"https:\/\/api.w.org\/{rel}","templated":true}]}}