{"id":411,"date":"2025-05-13T09:16:16","date_gmt":"2025-05-13T01:16:16","guid":{"rendered":"https:\/\/bopinchem.com\/?post_type=product&#038;p=411"},"modified":"2025-05-21T14:08:36","modified_gmt":"2025-05-21T06:08:36","slug":"bopin-180-universal-acrylic-sealant","status":"publish","type":"product","link":"https:\/\/bopinchem.com\/pt\/bopin-180-universal-acrylic-sealant\/","title":{"rendered":"Selante acr\u00edlico universal BoPin 180"},"content":{"rendered":"<div>\n<div>\n<ul>\n<li class=\"otl-paragraph\"><strong>Solu\u00e7\u00e3o econ\u00f3mica<\/strong>: Op\u00e7\u00e3o econ\u00f3mica para a impermeabiliza\u00e7\u00e3o geral de interiores<\/li>\n<li class=\"otl-paragraph\"><strong>Excelente capacidade de pintura<\/strong>: Compat\u00edvel com a maioria das tintas \u00e0 base de \u00e1gua e sint\u00e9ticas<\/li>\n<li class=\"otl-paragraph\"><strong>Aplica\u00e7\u00e3o de f\u00e1cil utiliza\u00e7\u00e3o<\/strong>: F\u00e1cil de aplicar e de utilizar com uma simples limpeza com \u00e1gua<\/li>\n<li class=\"otl-paragraph\"><strong>F\u00f3rmula de baixo odor<\/strong>: Perturba\u00e7\u00e3o m\u00ednima dos espa\u00e7os ocupados durante a aplica\u00e7\u00e3o<\/li>\n<li class=\"otl-paragraph\"><strong>Composi\u00e7\u00e3o \u00e0 base de \u00e1gua<\/strong>: Amigo do ambiente com um teor muito baixo de COV<\/li>\n<li class=\"otl-paragraph\"><strong>Boa ader\u00eancia<\/strong>: Adere bem aos materiais de constru\u00e7\u00e3o porosos mais comuns<\/li>\n<\/ul>\n<\/div>\n<\/div>","protected":false},"excerpt":{"rendered":"<div>\n<div>Selante acr\u00edlico econ\u00f3mico de uso geral para juntas de constru\u00e7\u00e3o interiores com movimento m\u00ednimo. Proporciona uma excelente capacidade de pintura e facilidade de utiliza\u00e7\u00e3o para aplica\u00e7\u00f5es profissionais e de bricolage em que as considera\u00e7\u00f5es or\u00e7amentais s\u00e3o importantes.<\/div>\n<\/div>","protected":false},"featured_media":383,"comment_status":"open","ping_status":"closed","template":"","meta":{"_acf_changed":false},"product_brand":[],"product_cat":[21],"product_tag":[],"class_list":{"0":"post-411","1":"product","2":"type-product","3":"status-publish","4":"has-post-thumbnail","6":"product_cat-acrylic-sealants","7":"pa_application-fields-general-construction","9":"first","10":"instock","11":"shipping-taxable","12":"product-type-simple"},"acf":[],"_links":{"self":[{"href":"https:\/\/bopinchem.com\/pt\/wp-json\/wp\/v2\/product\/411","targetHints":{"allow":["GET"]}}],"collection":[{"href":"https:\/\/bopinchem.com\/pt\/wp-json\/wp\/v2\/product"}],"about":[{"href":"https:\/\/bopinchem.com\/pt\/wp-json\/wp\/v2\/types\/product"}],"replies":[{"embeddable":true,"href":"https:\/\/bopinchem.com\/pt\/wp-json\/wp\/v2\/comments?post=411"}],"version-history":[{"count":2,"href":"https:\/\/bopinchem.com\/pt\/wp-json\/wp\/v2\/product\/411\/revisions"}],"predecessor-version":[{"id":420,"href":"https:\/\/bopinchem.com\/pt\/wp-json\/wp\/v2\/product\/411\/revisions\/420"}],"wp:featuredmedia":[{"embeddable":true,"href":"https:\/\/bopinchem.com\/pt\/wp-json\/wp\/v2\/media\/383"}],"wp:attachment":[{"href":"https:\/\/bopinchem.com\/pt\/wp-json\/wp\/v2\/media?parent=411"}],"wp:term":[{"taxonomy":"product_brand","embeddable":true,"href":"https:\/\/bopinchem.com\/pt\/wp-json\/wp\/v2\/product_brand?post=411"},{"taxonomy":"product_cat","embeddable":true,"href":"https:\/\/bopinchem.com\/pt\/wp-json\/wp\/v2\/product_cat?post=411"},{"taxonomy":"product_tag","embeddable":true,"href":"https:\/\/bopinchem.com\/pt\/wp-json\/wp\/v2\/product_tag?post=411"}],"curies":[{"name":"wp","href":"https:\/\/api.w.org\/{rel}","templated":true}]}}